{"id":85,"date":"2026-01-13T17:15:09","date_gmt":"2026-01-13T16:15:09","guid":{"rendered":"https:\/\/morocco-travel-connection.com\/?page_id=85"},"modified":"2026-03-18T17:17:36","modified_gmt":"2026-03-18T16:17:36","slug":"tours","status":"publish","type":"page","link":"https:\/\/morocco-travel-connection.com\/en\/tours\/","title":{"rendered":"Tours"},"content":{"rendered":"<h1>\n\t\t\tPrivate Morocco Tours\t<\/h1>\n<h2>\n\t\t\tCurated journeys through the Sahara Desert, the Atlas Mountains and Morocco\u2019s Atlantic coast.\t<\/h2>\n\t<p>Our private Morocco tours are designed for travellers who want to experience the country in its most authentic and refined form.<\/p>\n<p>Whether you explore the dunes of the Sahara on a private desert journey, discover the cultural depth of historic cities such as Fez and Marrakech, or find balance along Morocco\u2019s Atlantic coast, every itinerary is created around your personal rhythm and interests.<\/p>\n<p>As a specialist in tailor-made Morocco travel, I personally plan every journey with care and attention to detail. Together with a trusted local team, we ensure smooth logistics, comfort and discreet service throughout your stay in Morocco.<\/p>\n\t\t\t<a href=\"https:\/\/morocco-travel-connection.com\/en\/buchungsanfrage\/\"  target=\"_self\">\n\t\t\t\t\t\t\tRequest your private Morocco journey\n\t\t\t\t\t<\/a>\n\t<p>Morocco Travel Connection<\/p>\n<h2>\n\t\t\tOur Morocco journeys at a glance\t<\/h2>\n<figure itemscope itemtype=\"https:\/\/schema.org\/ImageObject\">\n\t\t\t\t<img decoding=\"async\" src=\"https:\/\/morocco-travel-connection.com\/wp-content\/uploads\/2026\/01\/wellness-n2.jpg\" alt=\"wellness-n2\" height=\"668\" width=\"1000\" title=\"wellness-n2\" onerror=\"this.style.display='none'\" loading=\"lazy\" \/>\n\t<\/figure>\n<h2>\n\t\t\tCoastal Wellness\t<\/h2>\n\t<p><em><strong>Your Regeneration in Agadir<\/strong><\/em><\/p>\n\t<p>Erlebe die heilsame Atmosph\u00e4re von Marokko&#8217;s Atlantikk\u00fcste. In sorgf\u00e4ltig ausgew\u00e4hlten F\u00fcnf-Sterne-Retreats rund um Agadir genie\u00dft du vollkommene Ruhe in Verbindung mit kuratierten Wellness-Ritualen f\u00fcr tiefe Erholung und neue Energie.<\/p>\n\t\t\t<a href=\"https:\/\/morocco-travel-connection.com\/en\/tours\/coastel-wellness-morocco-travel-connection\/\"  target=\"_self\">\n\t\t\t\t\t\t\tDiscover Coastal Wellness\n\t\t\t\t\t<\/a>\n<figure itemscope itemtype=\"https:\/\/schema.org\/ImageObject\">\n\t\t\t\t<img decoding=\"async\" src=\"https:\/\/morocco-travel-connection.com\/wp-content\/uploads\/2026\/01\/wellness-min.jpg\" alt=\"Wellness\" height=\"666\" width=\"1000\" title=\"Wellness\" onerror=\"this.style.display='none'\" loading=\"lazy\" \/>\n\t<\/figure>\n<h2>\n\t\t\tYoga &amp; Soul\t<\/h2>\n\t<p><strong><i>Your place of stillness in the Atlas Mountains<\/i><\/strong><\/p>\n\t<p>Far from the busy travel routes of Morocco, hidden valleys in the Atlas Mountains create the ideal setting for yoga retreats and mindful travel experiences.<\/p>\n<p>Finde zu dir zur\u00fcck und entdecke die stille Sch\u00f6nheit von Marokko&#8217;s Berglandschaften.<\/p>\n\t\t\t<a href=\"https:\/\/morocco-travel-connection.com\/en\/tours\/yoga-soul-morocco-travel-connection\/\"  target=\"_self\">\n\t\t\t\t\t\t\tYoga &#038; Soul entdecken\n\t\t\t\t\t<\/a>\n<figure itemscope itemtype=\"https:\/\/schema.org\/ImageObject\">\n\t\t\t\t<img decoding=\"async\" src=\"https:\/\/morocco-travel-connection.com\/wp-content\/uploads\/2026\/01\/agadir_Surf-min.jpg\" alt=\"Agadir Surf\" height=\"667\" width=\"1000\" title=\"Agadir Surf\" onerror=\"this.style.display='none'\" loading=\"lazy\" \/>\n\t<\/figure>\n<h2>\n\t\t\tOcean Spirit\t<\/h2>\n\t<p><em><strong>Your surf experience in Taghazout<\/strong><\/em><\/p>\n\t<p>Taghazout is one of Morocco\u2019s most iconic surf destinations. Our private surf journeys combine legendary Atlantic waves with refined coastal living and relaxed luxury.<\/p>\n\t\t\t<a href=\"https:\/\/morocco-travel-connection.com\/en\/tours\/ocean-spirit-morocco-travel-connection\/\"  target=\"_self\">\n\t\t\t\t\t\t\tDiscover Ocean Spirit\n\t\t\t\t\t<\/a>\n<figure itemscope itemtype=\"https:\/\/schema.org\/ImageObject\">\n\t\t\t\t<img decoding=\"async\" src=\"https:\/\/morocco-travel-connection.com\/wp-content\/uploads\/2026\/01\/beispielperson.jpg\" alt=\"Happy,Male,Tourist,Taking,Selfie,On,Sand,Dunes,In,The\" height=\"538\" width=\"1000\" title=\"Happy,Male,Tourist,Taking,Selfie,On,Sand,Dunes,In,The\" onerror=\"this.style.display='none'\" loading=\"lazy\" \/>\n\t<\/figure>\n<h2>\n\t\t\tExecutive Logistics\t<\/h2>\n\t<p><strong><i>Your VIP hosting in Casablanca<\/i><\/strong><\/p>\n\t<p>For business travellers visiting Morocco, we provide discreet hosting and seamless executive travel coordination in Casablanca and Marrakech.<\/p>\n<p>Your focus remains on your priorities while every detail of your travel logistics is handled with precision.<\/p>\n\t\t\t<a href=\"https:\/\/morocco-travel-connection.com\/en\/tours\/executive-logistik-morocco-travel-connection\/\"  target=\"_self\">\n\t\t\t\t\t\t\tDiscover Executive Logistics\n\t\t\t\t\t<\/a>\n\t<p>The Board Of Trustees (Your benefits)<\/p>\n<h2>\n\t\t\tWhy a curated Morocco journey makes all the difference\t<\/h2>\n\tA private Morocco journey is not only about where you go, but about how naturally every detail comes together. With the right local access, trusted logistics and direct personal support, Morocco reveals a depth that remains hidden to most travellers.\n<h3>\n\t\t\tExclusive access to authentic Morocco\t<\/h3>\n\t<p>We go beyond traditional guiding. From private riads in Marrakech to hidden desert camps near Erg Chebbi and cultural encounters in Fez, we open doors that remain closed to most travellers.<\/p>\n<h3>\n\t\t\tSeamless logistics from coast to desert\t<\/h3>\n\t<p>Time is one of the greatest luxuries in travel. We coordinate your route across Morocco with care, so every transition feels smooth, efficient and unhurried, whether you are travelling between Casablanca, the Atlantic coast or the Sahara.<\/p>\n<h3>\n\t\t\tA journey shaped around you\t<\/h3>\n\t<p>Jedes Detail deiner Reise wird mit Bedacht ausgew\u00e4hlt &#8211; von handverlesenen Unterk\u00fcnften \u00fcber private Dinner bis hin zu kulturellen Erlebnissen mit Tiefe. Deine Reise durch Marokko entsteht im Einklang mit deinem Rhythmus, deinen Interessen und deinem pers\u00f6nlichen Stil.<\/p>\n<h3>\n\t\t\tPersonal coordination in real time\t<\/h3>\n\tBefore, during and after your journey, you remain in direct contact with the person shaping your experience. This allows personal wishes to be considered and refined even at short notice whether it is a change in pace, a private dinner setting or an exclusive experience the following day. For this kind of immediate and personal coordination, direct communication via WhatsApp can also be arranged on request.<br \/>\nAuf Wunsch erfolgt diese Abstimmung auch direkt \u00fcber WhatsApp.\n\t<p>Morocco Travel Connection<\/p>\n<h2>\n\t\t\tHow your private Morocco journey takes shape\t<\/h2>\n\tExceptional journeys begin with a conversation. Our process ensures that your vision is transformed into a carefully curated Morocco journey with precision, discretion and deep local expertise.\n\t<style>\n  .bb-step-bubbles{\n    display:flex;\n    gap:18px;\n    flex-wrap:wrap;\n    margin:24px 0;\n  }\n  .bb-step{\n    flex:1 1 calc(25% - 18px);\n    min-width:200px;\n    background:#fff;\n    border-radius:22px;\n    padding:22px 20px 20px;\n    position:relative;\n    box-shadow:0 12px 30px rgba(0,0,0,.08);\n    opacity:0;\n    transform:translateY(20px);\n    transition:all .6s ease;\n    border:1px solid rgba(169,138,106,.25);\n  }\n  .bb-step.visible{\n    opacity:1;\n    transform:translateY(0);\n  }\n  .bb-step-number{\n    position:absolute;\n    top:-14px;\n    left:20px;\n    background:#a98a6a;\n    color:#fff;\n    width:38px;\n    height:38px;\n    border-radius:50%;\n    display:flex;\n    align-items:center;\n    justify-content:center;\n    font-weight:800;\n    font-size:16px;\n    box-shadow:0 6px 14px rgba(0,0,0,.2);\n  }\n  .bb-step-text{\n    margin:18px 0 0;\n    font-size:15px;\n    font-weight:600;\n    line-height:1.4;\n  }\n  @media (max-width: 768px){\n    .bb-step{\n      flex:1 1 100%;\n    }\n  }\n    .bb-step-title{\n    margin-top:20px;\n    font-size:20px;\n    font-weight:700;\n    line-height:1.3;\n  }\n  .bb-step-desc{\n    margin-top:6px;\n    font-size:14px;\n    font-weight:400;\n    line-height:1.45;\n    color:#555;\n  }\n<\/style>\n    1\n    Teile deine Reisevorstellung\n    Lass uns an deiner Vorstellung von Marokko teilhaben \u00fcber unser diskretes Anfrageformular. Ob du von den historischen K\u00f6nigsst\u00e4dten tr\u00e4umst oder die Stille der Sahara erleben m\u00f6chtest: Hier nimmt deine Reise Gestalt an.\n    2\n    Pers\u00f6nliche Beratung mit deinem Marokko-Experten\n    Ich werde dich pers\u00f6nlich kontaktieren, um Deine Erwartungen im Detail zu verstehen. Gemeinsam formen wir den Rahmen deiner Reise &#8211; von der Logistik in Marrakesch bis zu verborgenen T\u00e4lern im Atlasgebirge.\n    3\n    Gestaltung Ihres privaten Marokko-Reiseplans\n    Du erh\u00e4ltst einen ersten kuratierten Vorschlag f\u00fcr Deine Reise. Dieses Programm bildet das Fundament deiner privaten Marokko-Reise, das wir gemeinsam verfeinern, bis jedes Detail deinen Vorstellungen entspricht.\n    4\n    Buchung und Vorbereitung durch dein Concierge-Team\n    Sobald deine Pl\u00e4ne Gestalt annehmen, koordinieren wir die gesamte Organisation im Hintergrund. Von der Auswahl exklusiver Unterk\u00fcnfte bis hin zur pr\u00e4zisen Taktung deiner Transfers bereiten wir jedes Element mit h\u00f6chster Sorgfalt vor. W\u00e4hrend wir f\u00fcr einen lautlosen Ablauf sorgen, bleibt f\u00fcr dich nur eines: die Vorfreude auf eine Reise, die sich vollkommen nach deinem Rhythmus richtet\n\t<p>Morocco Travel Connection<\/p>\n<h2>\n\t\t\tStart planning your private Morocco journey\t<\/h2>\n\t<p>Every Morocco journey we design is unique.<\/p>\n<p>Tell us about your travel ideas and we will create a personalised itinerary tailored to your wishes.<\/p>\n\t\t\t<a href=\"https:\/\/morocco-travel-connection.com\/en\/buchungsanfrage\/\"  target=\"_self\">\n\t\t\t\t\t\t\tPlan my Morocco journey\n\t\t\t\t\t<\/a>\n\t\t<footer class=\"impacta-footer\">\r\n\t\t<div class=\"impacta-footer-inner\">\r\n\r\n\t\t\t<!-- LEFT: LOGO + PHONE -->\r\n\t\t\t<div class=\"footer-brand\">\r\n\t\t\t\t<img decoding=\"async\" src=\"https:\/\/morocco-travel-connection.com\/wp-content\/uploads\/2026\/01\/cropped-cropped-Logo_Marokko_Travel_Connection.png\" alt=\"Impacta Media Logo\" class=\"footer-logo\">\r\n\t\t\t<\/div>\r\n\r\n\t\t\t<!-- COLUMN 1 -->\r\n\t\t\t<div class=\"footer-col\">\r\n\t\t\t\t<div class=\"footer-title\">Company<\/div>\r\n\t\t\t\t<a href=\"\/en\/terms-conditions\/\">Travel Arrangement &amp; Conditions<\/a>\r\n\t\t\t\t<a href=\"\/en\/about-us\/\">About us<\/a>\r\n\t\t\t\t<a href=\"\/en\/blog-2\/\">Blog<\/a>\r\n\t\t\t<\/div>\r\n\r\n\t\t\t<!-- COLUMN 2 -->\r\n\t\t\t<div class=\"footer-col\">\r\n\t\t\t\t<div class=\"footer-title\">Morocco Tours<\/div>\r\n\t\t\t\t<a href=\"\/en\/tours\/coastel-wellness-morocco-travel-connection\/\">Coastel Wellness<\/a>\r\n\t\t\t\t<a href=\"\/en\/tours\/yoga-soul-morocco-travel-connection\/\">Yoga &amp; Soul<\/a>\r\n\t\t\t\t<a href=\"\/en\/tours\/ocean-spirit-morocco-travel-connection\/\">Ocean Spirit<\/a>\r\n\t\t\t\t<a href=\"\/en\/tours\/executive-logistik-morocco-travel-connection\/\">Morocco Executive<\/a>\r\n\t\t\t\t<a href=\"\/en\/tours\/adventure-hub\/\">Morocco Tours &amp; Retreats<\/a>\r\n\t\t\t<\/div>\r\n\r\n\t\t\t<!-- COLUMN 3 -->\r\n\t\t\t<div class=\"footer-col\">\r\n\t\t\t\t<div class=\"footer-title\">Contact<\/div>\r\n\t\t\t\t<a href=\"\/en\/contact\/\">Contact us<\/a>\r\n\t\t\t\t<a href=\"mailto:kontakt@morocco-travel-connection.com\">contact@morocco-travel-connection.com<\/a>\r\n\t\t\t<\/div>\r\n\r\n\t\t<\/div>\r\n\t\t\r\n<div class=\"impacta-footer-credit\">\r\n\tDesigned and developed by \r\n\t<a href=\"https:\/\/impacta-media.de\" target=\"_blank\" rel=\"noopener\">\r\n\t\tImpacta-Media\r\n\t<\/a>.\r\n<\/div>\r\n\t\t\r\n\t<\/footer>\r\n\r\n\t<style>\r\n\t.impacta-footer{\r\n\t\tbackground:#F7EEE7;\r\n\t\tcolor:#eaeaea;\r\n\t\tpadding:70px 20px;\r\n\t\tfont-size:14px;\r\n\t}\r\n\r\n\t.impacta-footer-inner{\r\n\t\tmax-width:1200px;\r\n\t\tmargin:0 auto;\r\n\t\tdisplay:grid;\r\n\t\tgrid-template-columns:1.3fr repeat(3,1fr);\r\n\t\tgap:50px;\r\n\t}\r\n\r\n\t\/* BRAND *\/\r\n\t.footer-brand{\r\n\t\tdisplay:flex;\r\n\t\tflex-direction:column;\r\n\t\tgap:18px;\r\n\t}\r\n\r\n\t.footer-logo{\r\n\twidth:250px;\r\n\tmax-height:150px;\r\n\theight:auto;\r\n\tobject-fit:contain;\r\n}\r\n\r\n@media(max-width:900px){\r\n\t.footer-logo{\r\n\t\twidth:150px;\r\n\t\tmax-height:50px;\r\n\t}\r\n}\r\n\r\n\t}\r\n\r\n\t.footer-phone{\r\n\t\tfont-size:18px;\r\n\t\tfont-weight:600;\r\n\t\tcolor:#ffffff;\r\n\t\ttext-decoration:none;\r\n\t\tletter-spacing:.3px;\r\n\t}\r\n\r\n\t\/* COLUMNS *\/\r\n\t.footer-col a,\r\n\t.footer-col span{\r\n\t\tdisplay:block;\r\n\t\tmargin-top:8px;\r\n\t\tcolor:#000000;\r\n\t\ttext-decoration:none;\r\n\t\topacity:.85;\r\n\t}\r\n\r\n\t.footer-col a:hover{\r\n\t\tcolor:#49B3D1;\r\n\t\topacity:1;\r\n\t}\r\n\r\n\t.footer-title{\r\n\t\tfont-size:13px;\r\n\t\tletter-spacing:1.2px;\r\n\t\ttext-transform:uppercase;\r\n\t\tfont-weight:700;\r\n\t\tcolor:#000000;\r\n\t\tmargin-bottom:14px;\r\n\t\tposition:relative;\r\n\t}\r\n\r\n\t.footer-title::after{\r\n\t\tcontent:\"\";\r\n\t\tdisplay:block;\r\n\t\twidth:28px;\r\n\t\theight:2px;\r\n\t\tbackground:#000000;\r\n\t\tmargin-top:8px;\r\n\t\topacity:.4;\r\n\t}\r\n\r\n\t\/* RESPONSIVE *\/\r\n\t@media(max-width:900px){\r\n\t\t.impacta-footer-inner{\r\n\t\t\tgrid-template-columns:1fr;\r\n\t\t\tgap:40px;\r\n\t\t}\r\n\t}\r\n\t\t.impacta-footer-credit{\r\n\tmargin-top:60px;\r\n\ttext-align:center;\r\n\tfont-size:13px;\r\n\tcolor:#000000;\r\n}\r\n\r\n.impacta-footer-credit a{\r\n\tcolor:#000000;\r\n\ttext-decoration:none;\r\n\tfont-weight:600;\r\n}\r\n\r\n.impacta-footer-credit a:hover{\r\n\ttext-decoration:underline;\r\n}\r\n\t<\/style>","protected":false},"excerpt":{"rendered":"<p>Private Marokko-Touren Kuratierte Reisen durch die Sahara, das Atlasgebirge und Marokkos Atlantikk\u00fcste. Unsere privaten Marokko-Touren sind f\u00fcr Reisende konzipiert, die das Land in seiner authentischsten und ausgefeiltesten Form erleben m\u00f6chten. Ganz gleich, ob du die Weite der Sahara auf einer privaten W\u00fcstenreise erleben, die kulturelle Tiefe historischer St\u00e4dte wie F\u00e8s und Marrakesch entdecken oder an&#8230;<\/p>","protected":false},"author":1,"featured_media":0,"parent":0,"menu_order":0,"comment_status":"closed","ping_status":"closed","template":"","meta":{"_kad_post_transparent":"","_kad_post_title":"","_kad_post_layout":"","_kad_post_sidebar_id":"","_kad_post_content_style":"","_kad_post_vertical_padding":"","_kad_post_feature":"","_kad_post_feature_position":"","_kad_post_header":false,"_kad_post_footer":false,"_kad_post_classname":"","footnotes":""},"class_list":["post-85","page","type-page","status-publish","hentry"],"yoast_head":"<!-- This site is optimized with the Yoast SEO plugin v27.3 - https:\/\/yoast.com\/product\/yoast-seo-wordpress\/ -->\n<title>Curated Private Morocco Itineraries | Desert, Atlas &amp; Coas<\/title>\n<meta name=\"description\" content=\"Von den D\u00fcnen des Erg Chebbi bis zur Atlantikk\u00fcste. Entdecken Sie unsere sorgf\u00e4ltig zusammengestellten privaten Marokko-Reisen, die ganz auf Ihr Tempo zugeschnitten sind und Ihnen einen tiefen Einblick in die lokale Kultur sowie eine reibungslose Organisation bieten.\" \/>\n<meta name=\"robots\" content=\"index, follow, max-snippet:-1, max-image-preview:large, max-video-preview:-1\" \/>\n<link rel=\"canonical\" href=\"https:\/\/morocco-travel-connection.com\/en\/tours\/\" \/>\n<meta property=\"og:locale\" content=\"en_GB\" \/>\n<meta property=\"og:type\" content=\"article\" \/>\n<meta property=\"og:title\" content=\"Curated Private Morocco Itineraries | Desert, Atlas &amp; Coas\" \/>\n<meta property=\"og:description\" content=\"Von den D\u00fcnen des Erg Chebbi bis zur Atlantikk\u00fcste. Entdecken Sie unsere sorgf\u00e4ltig zusammengestellten privaten Marokko-Reisen, die ganz auf Ihr Tempo zugeschnitten sind und Ihnen einen tiefen Einblick in die lokale Kultur sowie eine reibungslose Organisation bieten.\" \/>\n<meta property=\"og:url\" content=\"https:\/\/morocco-travel-connection.com\/en\/tours\/\" \/>\n<meta property=\"og:site_name\" content=\"morocco-travel-connection.com\" \/>\n<meta property=\"article:modified_time\" content=\"2026-03-18T16:17:36+00:00\" \/>\n<meta property=\"og:image\" content=\"https:\/\/morocco-travel-connection.com\/wp-content\/uploads\/2026\/01\/wellness-n2.jpg\" \/>\n<meta name=\"twitter:card\" content=\"summary_large_image\" \/>\n<meta name=\"twitter:label1\" content=\"Estimated reading time\" \/>\n\t<meta name=\"twitter:data1\" content=\"6 minutes\" \/>\n<script type=\"application\/ld+json\" class=\"yoast-schema-graph\">{\"@context\":\"https:\\\/\\\/schema.org\",\"@graph\":[{\"@type\":\"WebPage\",\"@id\":\"https:\\\/\\\/morocco-travel-connection.com\\\/tours\\\/\",\"url\":\"https:\\\/\\\/morocco-travel-connection.com\\\/tours\\\/\",\"name\":\"Curated Private Morocco Itineraries | Desert, Atlas & Coas\",\"isPartOf\":{\"@id\":\"https:\\\/\\\/morocco-travel-connection.com\\\/#website\"},\"primaryImageOfPage\":{\"@id\":\"https:\\\/\\\/morocco-travel-connection.com\\\/tours\\\/#primaryimage\"},\"image\":{\"@id\":\"https:\\\/\\\/morocco-travel-connection.com\\\/tours\\\/#primaryimage\"},\"thumbnailUrl\":\"https:\\\/\\\/morocco-travel-connection.com\\\/wp-content\\\/uploads\\\/2026\\\/01\\\/wellness-n2.jpg\",\"datePublished\":\"2026-01-13T16:15:09+00:00\",\"dateModified\":\"2026-03-18T16:17:36+00:00\",\"description\":\"Von den D\u00fcnen des Erg Chebbi bis zur Atlantikk\u00fcste. Entdecken Sie unsere sorgf\u00e4ltig zusammengestellten privaten Marokko-Reisen, die ganz auf Ihr Tempo zugeschnitten sind und Ihnen einen tiefen Einblick in die lokale Kultur sowie eine reibungslose Organisation bieten.\",\"breadcrumb\":{\"@id\":\"https:\\\/\\\/morocco-travel-connection.com\\\/tours\\\/#breadcrumb\"},\"inLanguage\":\"en-GB\",\"potentialAction\":[{\"@type\":\"ReadAction\",\"target\":[\"https:\\\/\\\/morocco-travel-connection.com\\\/tours\\\/\"]}]},{\"@type\":\"ImageObject\",\"inLanguage\":\"en-GB\",\"@id\":\"https:\\\/\\\/morocco-travel-connection.com\\\/tours\\\/#primaryimage\",\"url\":\"https:\\\/\\\/morocco-travel-connection.com\\\/wp-content\\\/uploads\\\/2026\\\/01\\\/wellness-n2.jpg\",\"contentUrl\":\"https:\\\/\\\/morocco-travel-connection.com\\\/wp-content\\\/uploads\\\/2026\\\/01\\\/wellness-n2.jpg\"},{\"@type\":\"BreadcrumbList\",\"@id\":\"https:\\\/\\\/morocco-travel-connection.com\\\/tours\\\/#breadcrumb\",\"itemListElement\":[{\"@type\":\"ListItem\",\"position\":1,\"name\":\"Home\",\"item\":\"https:\\\/\\\/morocco-travel-connection.com\\\/\"},{\"@type\":\"ListItem\",\"position\":2,\"name\":\"Tours\"}]},{\"@type\":\"WebSite\",\"@id\":\"https:\\\/\\\/morocco-travel-connection.com\\\/#website\",\"url\":\"https:\\\/\\\/morocco-travel-connection.com\\\/\",\"name\":\"morocco-travel-connection.com\",\"description\":\"\",\"publisher\":{\"@id\":\"https:\\\/\\\/morocco-travel-connection.com\\\/#organization\"},\"potentialAction\":[{\"@type\":\"SearchAction\",\"target\":{\"@type\":\"EntryPoint\",\"urlTemplate\":\"https:\\\/\\\/morocco-travel-connection.com\\\/?s={search_term_string}\"},\"query-input\":{\"@type\":\"PropertyValueSpecification\",\"valueRequired\":true,\"valueName\":\"search_term_string\"}}],\"inLanguage\":\"en-GB\"},{\"@type\":\"Organization\",\"@id\":\"https:\\\/\\\/morocco-travel-connection.com\\\/#organization\",\"name\":\"Morocco Travel Connection\",\"url\":\"https:\\\/\\\/morocco-travel-connection.com\\\/\",\"logo\":{\"@type\":\"ImageObject\",\"inLanguage\":\"en-GB\",\"@id\":\"https:\\\/\\\/morocco-travel-connection.com\\\/#\\\/schema\\\/logo\\\/image\\\/\",\"url\":\"https:\\\/\\\/morocco-travel-connection.com\\\/wp-content\\\/uploads\\\/2026\\\/01\\\/cropped-Logo_Marokko_Travel_Connection.png\",\"contentUrl\":\"https:\\\/\\\/morocco-travel-connection.com\\\/wp-content\\\/uploads\\\/2026\\\/01\\\/cropped-Logo_Marokko_Travel_Connection.png\",\"width\":235,\"height\":227,\"caption\":\"Morocco Travel Connection\"},\"image\":{\"@id\":\"https:\\\/\\\/morocco-travel-connection.com\\\/#\\\/schema\\\/logo\\\/image\\\/\"},\"sameAs\":[\"https:\\\/\\\/www.instagram.com\\\/ammar_bouyakbane\\\/\"]}]}<\/script>\n<!-- \/ Yoast SEO plugin. -->","yoast_head_json":{"title":"Curated Private Morocco Itineraries | Desert, Atlas & Coas","description":"Von den D\u00fcnen des Erg Chebbi bis zur Atlantikk\u00fcste. Entdecken Sie unsere sorgf\u00e4ltig zusammengestellten privaten Marokko-Reisen, die ganz auf Ihr Tempo zugeschnitten sind und Ihnen einen tiefen Einblick in die lokale Kultur sowie eine reibungslose Organisation bieten.","robots":{"index":"index","follow":"follow","max-snippet":"max-snippet:-1","max-image-preview":"max-image-preview:large","max-video-preview":"max-video-preview:-1"},"canonical":"https:\/\/morocco-travel-connection.com\/en\/tours\/","og_locale":"en_GB","og_type":"article","og_title":"Curated Private Morocco Itineraries | Desert, Atlas & Coas","og_description":"Von den D\u00fcnen des Erg Chebbi bis zur Atlantikk\u00fcste. Entdecken Sie unsere sorgf\u00e4ltig zusammengestellten privaten Marokko-Reisen, die ganz auf Ihr Tempo zugeschnitten sind und Ihnen einen tiefen Einblick in die lokale Kultur sowie eine reibungslose Organisation bieten.","og_url":"https:\/\/morocco-travel-connection.com\/en\/tours\/","og_site_name":"morocco-travel-connection.com","article_modified_time":"2026-03-18T16:17:36+00:00","og_image":[{"url":"https:\/\/morocco-travel-connection.com\/wp-content\/uploads\/2026\/01\/wellness-n2.jpg","type":"","width":"","height":""}],"twitter_card":"summary_large_image","twitter_misc":{"Estimated reading time":"6 minutes"},"schema":{"@context":"https:\/\/schema.org","@graph":[{"@type":"WebPage","@id":"https:\/\/morocco-travel-connection.com\/tours\/","url":"https:\/\/morocco-travel-connection.com\/tours\/","name":"Curated Private Morocco Itineraries | Desert, Atlas & Coas","isPartOf":{"@id":"https:\/\/morocco-travel-connection.com\/#website"},"primaryImageOfPage":{"@id":"https:\/\/morocco-travel-connection.com\/tours\/#primaryimage"},"image":{"@id":"https:\/\/morocco-travel-connection.com\/tours\/#primaryimage"},"thumbnailUrl":"https:\/\/morocco-travel-connection.com\/wp-content\/uploads\/2026\/01\/wellness-n2.jpg","datePublished":"2026-01-13T16:15:09+00:00","dateModified":"2026-03-18T16:17:36+00:00","description":"Von den D\u00fcnen des Erg Chebbi bis zur Atlantikk\u00fcste. Entdecken Sie unsere sorgf\u00e4ltig zusammengestellten privaten Marokko-Reisen, die ganz auf Ihr Tempo zugeschnitten sind und Ihnen einen tiefen Einblick in die lokale Kultur sowie eine reibungslose Organisation bieten.","breadcrumb":{"@id":"https:\/\/morocco-travel-connection.com\/tours\/#breadcrumb"},"inLanguage":"en-GB","potentialAction":[{"@type":"ReadAction","target":["https:\/\/morocco-travel-connection.com\/tours\/"]}]},{"@type":"ImageObject","inLanguage":"en-GB","@id":"https:\/\/morocco-travel-connection.com\/tours\/#primaryimage","url":"https:\/\/morocco-travel-connection.com\/wp-content\/uploads\/2026\/01\/wellness-n2.jpg","contentUrl":"https:\/\/morocco-travel-connection.com\/wp-content\/uploads\/2026\/01\/wellness-n2.jpg"},{"@type":"BreadcrumbList","@id":"https:\/\/morocco-travel-connection.com\/tours\/#breadcrumb","itemListElement":[{"@type":"ListItem","position":1,"name":"Home","item":"https:\/\/morocco-travel-connection.com\/"},{"@type":"ListItem","position":2,"name":"Tours"}]},{"@type":"WebSite","@id":"https:\/\/morocco-travel-connection.com\/#website","url":"https:\/\/morocco-travel-connection.com\/","name":"morocco-travel-connection.com","description":"","publisher":{"@id":"https:\/\/morocco-travel-connection.com\/#organization"},"potentialAction":[{"@type":"SearchAction","target":{"@type":"EntryPoint","urlTemplate":"https:\/\/morocco-travel-connection.com\/?s={search_term_string}"},"query-input":{"@type":"PropertyValueSpecification","valueRequired":true,"valueName":"search_term_string"}}],"inLanguage":"en-GB"},{"@type":"Organization","@id":"https:\/\/morocco-travel-connection.com\/#organization","name":"Morocco Travel Connection","url":"https:\/\/morocco-travel-connection.com\/","logo":{"@type":"ImageObject","inLanguage":"en-GB","@id":"https:\/\/morocco-travel-connection.com\/#\/schema\/logo\/image\/","url":"https:\/\/morocco-travel-connection.com\/wp-content\/uploads\/2026\/01\/cropped-Logo_Marokko_Travel_Connection.png","contentUrl":"https:\/\/morocco-travel-connection.com\/wp-content\/uploads\/2026\/01\/cropped-Logo_Marokko_Travel_Connection.png","width":235,"height":227,"caption":"Morocco Travel Connection"},"image":{"@id":"https:\/\/morocco-travel-connection.com\/#\/schema\/logo\/image\/"},"sameAs":["https:\/\/www.instagram.com\/ammar_bouyakbane\/"]}]}},"_links":{"self":[{"href":"https:\/\/morocco-travel-connection.com\/en\/wp-json\/wp\/v2\/pages\/85","targetHints":{"allow":["GET"]}}],"collection":[{"href":"https:\/\/morocco-travel-connection.com\/en\/wp-json\/wp\/v2\/pages"}],"about":[{"href":"https:\/\/morocco-travel-connection.com\/en\/wp-json\/wp\/v2\/types\/page"}],"author":[{"embeddable":true,"href":"https:\/\/morocco-travel-connection.com\/en\/wp-json\/wp\/v2\/users\/1"}],"replies":[{"embeddable":true,"href":"https:\/\/morocco-travel-connection.com\/en\/wp-json\/wp\/v2\/comments?post=85"}],"version-history":[{"count":11,"href":"https:\/\/morocco-travel-connection.com\/en\/wp-json\/wp\/v2\/pages\/85\/revisions"}],"predecessor-version":[{"id":564,"href":"https:\/\/morocco-travel-connection.com\/en\/wp-json\/wp\/v2\/pages\/85\/revisions\/564"}],"wp:attachment":[{"href":"https:\/\/morocco-travel-connection.com\/en\/wp-json\/wp\/v2\/media?parent=85"}],"curies":[{"name":"wp","href":"https:\/\/api.w.org\/{rel}","templated":true}]}}